{"id":154,"date":"2014-06-02T08:13:59","date_gmt":"2014-06-02T08:13:59","guid":{"rendered":""},"modified":"2025-10-08T15:53:20","modified_gmt":"2025-10-08T15:53:20","slug":"permissions-and-copyright","status":"publish","type":"page","link":"https:\/\/www.5sitges.es\/ca\/permissions-and-copyright\/","title":{"rendered":"Permissions and Copyright"},"content":{"rendered":"<p>&nbsp;<\/p>\n\t<div class=\"pixcode  pixcode--grid  grid\" >\n\t\t\t<\/div>\n\n\t<div class=\"grid__item two-twelfths palm-one-whole\" >\n\t\t\n<p>&nbsp;<\/p>\n\t<\/div>\n\n\t<div class=\"empty_column grid__item eight-twelfths palm-one-whole\" >\n\t\t\t<\/div>\n\n<ol start=\"5\">\n<li>\n<h2>AV\u00cdS LEGAL<\/h2>\n<p>En compliment de la Llei 34\/2002, d\u201911 de juliol, de serveis de la societat de la informaci\u00f3 i de comer\u00e7 electr\u00f2nic (LSSI), us informem que:<\/p>\n<p>DOGROY EXCLUSIVAS S.L., amb NIF B66700113, t\u00e9 el seu domicili social a C\/ PARELLADES 6 SITGES, BARCELONA &#8211; 08870. Est\u00e0 inscrita al Registre Mercantil de Barcelona al tom 45220; foli 161, fulla S 8, H B 480799, I\/A 6.<\/p>\n<p><strong>Dades de contacte:<\/strong><br \/>\nTel\u00e8fon: 933931227<br \/>\nCorreu electr\u00f2nic: <span \n                data-original-string='9WKNrVpzPI+E+V2xiGYdQA==889b6QQ+42D0XePaRsoO59jWL7BXigdQkyx\/49aIPCo1rw='\n                class='apbct-email-encoder'\n                title='This contact has been encoded by Anti-Spam by CleanTalk. Click to decode. To finish the decoding make sure that JavaScript is enabled in your browser.'>ad<span class=\"apbct-blur\">************<\/span>@<span class=\"apbct-blur\">*****<\/span>es.es<\/span><\/p>\n<ol>\n<li>El nom de domini www.5sitges.es \u00e9s titularitat exclusiva de DOGROY EXCLUSIVAS S.L. i el seu \u00fas est\u00e0 reservat a aquesta empresa. El portal oficial www.5sitges.es t\u00e9 com a objectiu facilitar al p\u00fablic en general el coneixement de les activitats que realitzem, aix\u00ed com dels productes i serveis que oferim.<\/li>\n<\/ol>\n<p>L\u2019\u00fas d\u2019aquest lloc web implica l\u2019acceptaci\u00f3 expressa i plena de les condicions aqu\u00ed exposades, sense perjudici de les condicions particulars que puguin aplicar-se a alguns productes o serveis concrets oferts a trav\u00e9s del lloc web.<\/p>\n<p>DOGROY EXCLUSIVAS S.L. es reserva el dret de fer, en qualsevol moment i sense previ av\u00eds, modificacions i actualitzacions de la informaci\u00f3 continguda al seu web o de la configuraci\u00f3 i presentaci\u00f3 d\u2019aquest.<\/p>\n<ol start=\"2\">\n<li>Tots els elements que formen el lloc web, inclosa la seva estructura, disseny, codi font, logotips, marques i altres signes distintius, s\u00f3n titularitat de DOGROY EXCLUSIVAS S.L. o dels seus col\u00b7laboradors i estan protegits pels corresponents drets de propietat intel\u00b7lectual i industrial.<\/li>\n<\/ol>\n<p>Queda expressament prohibida la realitzaci\u00f3 de \u201cframing\u201d o l\u2019\u00fas per part de tercers de mecanismes que alterin el disseny, la configuraci\u00f3 original o els continguts dels nostres portals. L\u2019\u00fas dels continguts ha de respectar la seva llic\u00e8ncia particular. El seu \u00fas, reproducci\u00f3, distribuci\u00f3, comunicaci\u00f3 p\u00fablica, transformaci\u00f3 o qualsevol altra activitat similar queda totalment prohibida llevat que hi hagi autoritzaci\u00f3 pr\u00e8via i expressa de DOGROY EXCLUSIVAS S.L.<\/p>\n<ol start=\"3\">\n<li>No garantim la inexist\u00e8ncia d\u2019errors en l\u2019acc\u00e9s al web, en el seu contingut, ni que aquest estigui actualitzat, tot i que DOGROY EXCLUSIVAS S.L. far\u00e0 els seus millors esfor\u00e7os per evitar-los, corregir-los o actualitzar-los.<\/li>\n<\/ol>\n<p>Tant l\u2019acc\u00e9s als portals de DOGROY EXCLUSIVAS S.L. com l\u2019\u00fas que es pugui fer de la informaci\u00f3 continguda s\u00f3n responsabilitat exclusiva de l\u2019usuari.<\/p>\n<p>No ens fem responsables dels possibles errors de seguretat o danys que es puguin produir al sistema inform\u00e0tic de l\u2019usuari (hardware i software), als fitxers o documents emmagatzemats, com a conseq\u00fc\u00e8ncia de la pres\u00e8ncia de virus a l\u2019ordinador de l\u2019usuari utilitzat per a la connexi\u00f3 als serveis i continguts del web, del mal funcionament del navegador o de l\u2019\u00fas de versions no actualitzades.<\/p>\n<p>No ens responsabilitzem de la informaci\u00f3 i continguts emmagatzemats, a t\u00edtol enunciatiu per\u00f2 no limitatiu, en f\u00f2rums, xats, blogs, comentaris, xarxes socials o qualsevol altre mitj\u00e0 que permeti a tercers publicar continguts de forma independent al nostre lloc web.<\/p>\n<p>Tanmateix, en compliment del que disposa la LSSI, posem a disposici\u00f3 de tots els usuaris, autoritats i forces de seguretat, i col\u00b7laborem activament en la retirada o, si escau, bloqueig de tots aquells continguts que puguin afectar o contravenir la legislaci\u00f3 nacional o internacional, drets de tercers, o la moral i l\u2019ordre p\u00fablic.<\/p>\n<p>En cas que l\u2019usuari consideri que existeix al lloc web algun contingut susceptible d\u2019aquesta classificaci\u00f3, us preguem que us poseu en contacte amb nosaltres.<\/p>\n<ol start=\"4\">\n<li>El lloc web pot contenir enlla\u00e7os a continguts de tercers. L\u2019objectiu d\u2019aquests enlla\u00e7os \u00e9s \u00fanicament facilitar la cerca de recursos que us puguin interessar a Internet.<\/li>\n<\/ol>\n<p>Tanmateix, aquestes p\u00e0gines no pertanyen a DOGROY EXCLUSIVAS S.L., ni revisem els seus continguts, i per tant no som responsables del contingut, informaci\u00f3 o serveis que puguin apar\u00e8ixer en aquests llocs, que tenen car\u00e0cter exclusivament informatiu i que en cap cas impliquen relaci\u00f3 entre nosaltres i les persones o entitats titulars d\u2019aquests continguts o dels llocs on es troben.<\/p>\n<p>DOGROY EXCLUSIVAS S.L. no es pot fer responsable del funcionament de la p\u00e0gina enlla\u00e7ada ni dels possibles danys que puguin derivar-se de l\u2019acc\u00e9s o \u00fas.<\/p>\n<p>Els enlla\u00e7os al web de DOGROY EXCLUSIVAS S.L. han de respectar les seg\u00fcents condicions:<\/p>\n<ul>\n<li>L\u2019establiment de l\u2019enlla\u00e7 no suposar\u00e0 per si mateix cap tipus d\u2019acord, contracte, patrocini ni recomanaci\u00f3 per part de DOGROY EXCLUSIVAS S.L. de la p\u00e0gina que realitza l\u2019enlla\u00e7.<\/li>\n<li>La p\u00e0gina web on s\u2019estableixi l\u2019enlla\u00e7 no contindr\u00e0 informacions amb continguts il\u00b7l\u00edcits, discriminatoris, contraris als principis \u00e8tics comunament acceptats o que atemptin contra l\u2019ordre p\u00fablic, ni continguts contraris a drets de tercers.<\/li>\n<li>DOGROY EXCLUSIVAS S.L. podr\u00e0 sol\u00b7licitar la retirada d\u2019un enlla\u00e7 al seu web en qualsevol moment, sense necessitat d\u2019al\u00b7legar cap causa. En aquest cas, la p\u00e0gina que hagi realitzat l\u2019enlla\u00e7 haur\u00e0 de procedir a la seva immediata supressi\u00f3 tan aviat com rebi la notificaci\u00f3.<\/li>\n<li>No assumim ni garantim, de cap manera, la qualitat, exactitud, fiabilitat, correcci\u00f3 o moralitat dels continguts o serveis que l\u2019establiment de l\u2019enlla\u00e7 pugui oferir. L\u2019usuari assumeix sota la seva exclusiva responsabilitat les conseq\u00fc\u00e8ncies, danys o accions que puguin derivar-se de l\u2019acc\u00e9s a la p\u00e0gina web de l\u2019enlla\u00e7.<\/li>\n<\/ul>\n<ol start=\"5\">\n<li>DOGROY EXCLUSIVAS S.L. est\u00e0 profundament compromesa amb el compliment de la normativa de protecci\u00f3 de dades de car\u00e0cter personal i garanteix el compliment \u00edntegre de les obligacions disposades, aix\u00ed com la implementaci\u00f3 de les mesures de seguretat apropiades, amb la finalitat de garantir un nivell de seguretat adequat al risc. Per aix\u00f2, posem a disposici\u00f3 dels usuaris la nostra Pol\u00edtica de Privacitat, oferint en aquest text la informaci\u00f3 ampliada dels tractaments de dades que realitzem.<\/li>\n<li>La llei aplicable en cas de disputa o conflicte d\u2019interpretaci\u00f3 dels termes que conformen aquest Av\u00eds Legal, aix\u00ed com qualsevol q\u00fcesti\u00f3 relacionada amb els serveis d\u2019aquest Portal, ser\u00e0 la llei espanyola. Per a la resoluci\u00f3 de qualsevol conflicte que pugui sorgir amb motiu de la visita al Portal o de l\u2019\u00fas dels serveis que s\u2019hi puguin oferir, DOGROY EXCLUSIVAS S.L. i l\u2019usuari acorden sotmetre\u2019s als Jutjats i Tribunals del domicili de DOGROY EXCLUSIVAS S.L.<\/li>\n<\/ol>\n<\/li>\n<\/ol>\n","protected":false},"excerpt":{"rendered":"<p>&nbsp; AV\u00cdS LEGAL En compliment de la Llei 34\/2002, d\u201911 de juliol, de serveis de la societat de la informaci\u00f3 i de comer\u00e7 electr\u00f2nic (LSSI), us informem que: DOGROY EXCLUSIVAS S.L., amb NIF B66700113, t\u00e9 el seu domicili social a C\/ PARELLADES 6 SITGES, BARCELONA &#8211; 08870. Est\u00e0 inscrita al Registre Mercantil de Barcelona al..<\/p>\n","protected":false},"author":1,"featured_media":0,"parent":0,"menu_order":0,"comment_status":"closed","ping_status":"closed","template":"","meta":{"novablocks_hero_scroll_indicator":false,"novablocks_hero_position_indicators":false,"supernova_prevent_duplicate":false,"footnotes":""},"class_list":["post-154","page","type-page","status-publish","hentry"],"_links":{"self":[{"href":"https:\/\/www.5sitges.es\/ca\/wp-json\/wp\/v2\/pages\/154","targetHints":{"allow":["GET"]}}],"collection":[{"href":"https:\/\/www.5sitges.es\/ca\/wp-json\/wp\/v2\/pages"}],"about":[{"href":"https:\/\/www.5sitges.es\/ca\/wp-json\/wp\/v2\/types\/page"}],"author":[{"embeddable":true,"href":"https:\/\/www.5sitges.es\/ca\/wp-json\/wp\/v2\/users\/1"}],"replies":[{"embeddable":true,"href":"https:\/\/www.5sitges.es\/ca\/wp-json\/wp\/v2\/comments?post=154"}],"version-history":[{"count":8,"href":"https:\/\/www.5sitges.es\/ca\/wp-json\/wp\/v2\/pages\/154\/revisions"}],"predecessor-version":[{"id":2797,"href":"https:\/\/www.5sitges.es\/ca\/wp-json\/wp\/v2\/pages\/154\/revisions\/2797"}],"wp:attachment":[{"href":"https:\/\/www.5sitges.es\/ca\/wp-json\/wp\/v2\/media?parent=154"}],"curies":[{"name":"wp","href":"https:\/\/api.w.org\/{rel}","templated":true}]}}