{"id":2372,"date":"2023-01-18T16:34:18","date_gmt":"2023-01-18T16:34:18","guid":{"rendered":"https:\/\/www.5sitges.es\/?page_id=2372"},"modified":"2023-06-16T12:33:51","modified_gmt":"2023-06-16T12:33:51","slug":"eventos","status":"publish","type":"page","link":"https:\/\/www.5sitges.es\/ca\/eventos\/","title":{"rendered":"Esdeveniments"},"content":{"rendered":"\n\t<div class=\"pixcode  pixcode--grid  grid\" >\n\t\t\t<div class=\"island grid__item six-twelfths palm-one-whole\" >\n\t\t\n<p style=\"text-align: center;\"><hgroup class=\"pixcode  pixcode--heading article__headline\">\n\t<h2 class=\"headline__secondary\"><span class=\"first-letter\">D<\/span>escobreix<\/h2>\n\t<h1 class=\"headline__primary\">l'experi\u00e8ncia definitiva al pati interior del nostre caf\u00e8!<\/h1>\n<\/hgroup>\n&nbsp;\n<p style=\"text-align: center;\">El nostre pati est\u00e0 dissenyat per brindar un ambient \u00fanic i agradable per a tota mena d&#8217;esdeveniments i ocasions. Tant si est\u00e0s planificant una presentaci\u00f3 d&#8217;empresa, organitzant una celebraci\u00f3 personal o simplement busques relaxar-te amb amics, el nostre pati \u00e9s el lloc perfecte. <br><br> Es tracta d&#8217;un espai completament a prova de pluja, cosa que significa que pots gaudir a l&#8217;aire lliure sense haver de preocupar-te per la possibilitat que faci mal temps. Oferim una varietat de serveis per satisfer les teves necessitats: sense servei, nom\u00e9s begudes, bufet petit o bufet regular. Amb una capacitat de 50 persones dretes o 32 assegudes, \u00e9s perfecte per a grups de totes les mides. <\/p>\n\n\t<\/div>\n\t<div class=\"grid__item six-twelfths palm-one-whole\" >\n\t\t\n\n&nbsp;\n\n&nbsp;\n\n&nbsp;\n\n&nbsp;\n\n&nbsp;\n\n\n\t\t<style type='text\/css'>\n\t\t\t#gallery-0 {\n\t\t\t\tmargin: auto;\n\t\t\t}\n\t\t\t#gallery-0 .gallery-item {\n\t\t\t\tfloat: left;\n\t\t\t\ttext-align: center;\n\t\t\t\twidth: 50%;\n\t\t\t}\n\t\t\t\/* see gallery_shortcode() in wp-includes\/media.php *\/\n\t\t<\/style>\n\t\t<div id='gallery-0' class='gallery galleryid-2372 gallery-columns-2 gallery-size-full'><figure class='gallery-item'>\n\t\t\t<div class='gallery-icon landscape'>\n\t\t\t\t<img decoding=\"async\" width=\"1080\" height=\"793\" src=\"https:\/\/www.5sitges.es\/wp-content\/uploads\/2023\/01\/lrt_00001.jpg\" class=\"attachment-full size-full\" alt=\"\" srcset=\"https:\/\/www.5sitges.es\/wp-content\/uploads\/2023\/01\/lrt_00001.jpg 1080w, https:\/\/www.5sitges.es\/wp-content\/uploads\/2023\/01\/lrt_00001-300x220.jpg 300w, https:\/\/www.5sitges.es\/wp-content\/uploads\/2023\/01\/lrt_00001-1024x752.jpg 1024w, https:\/\/www.5sitges.es\/wp-content\/uploads\/2023\/01\/lrt_00001-768x564.jpg 768w, https:\/\/www.5sitges.es\/wp-content\/uploads\/2023\/01\/lrt_00001-900x661.jpg 900w, https:\/\/www.5sitges.es\/wp-content\/uploads\/2023\/01\/lrt_00001-400x294.jpg 400w, https:\/\/www.5sitges.es\/wp-content\/uploads\/2023\/01\/lrt_00001-480x352.jpg 480w, https:\/\/www.5sitges.es\/wp-content\/uploads\/2023\/01\/lrt_00001-600x441.jpg 600w\" sizes=\"(max-width: 1080px) 100vw, 1080px\" \/>\n\t\t\t<\/div><\/figure><figure class='gallery-item'>\n\t\t\t<div class='gallery-icon landscape'>\n\t\t\t\t<img decoding=\"async\" width=\"1080\" height=\"793\" src=\"https:\/\/www.5sitges.es\/wp-content\/uploads\/2023\/01\/lrt_00004-2.jpg\" class=\"attachment-full size-full\" alt=\"\" srcset=\"https:\/\/www.5sitges.es\/wp-content\/uploads\/2023\/01\/lrt_00004-2.jpg 1080w, https:\/\/www.5sitges.es\/wp-content\/uploads\/2023\/01\/lrt_00004-2-300x220.jpg 300w, https:\/\/www.5sitges.es\/wp-content\/uploads\/2023\/01\/lrt_00004-2-1024x752.jpg 1024w, https:\/\/www.5sitges.es\/wp-content\/uploads\/2023\/01\/lrt_00004-2-768x564.jpg 768w, https:\/\/www.5sitges.es\/wp-content\/uploads\/2023\/01\/lrt_00004-2-900x661.jpg 900w, https:\/\/www.5sitges.es\/wp-content\/uploads\/2023\/01\/lrt_00004-2-400x294.jpg 400w, https:\/\/www.5sitges.es\/wp-content\/uploads\/2023\/01\/lrt_00004-2-480x352.jpg 480w, https:\/\/www.5sitges.es\/wp-content\/uploads\/2023\/01\/lrt_00004-2-600x441.jpg 600w\" sizes=\"(max-width: 1080px) 100vw, 1080px\" \/>\n\t\t\t<\/div><\/figure><figure class='gallery-item'>\n\t\t\t<div class='gallery-icon landscape'>\n\t\t\t\t<img decoding=\"async\" width=\"1080\" height=\"740\" src=\"https:\/\/www.5sitges.es\/wp-content\/uploads\/2023\/01\/lrt_00005-1.jpg\" class=\"attachment-full size-full\" alt=\"\" srcset=\"https:\/\/www.5sitges.es\/wp-content\/uploads\/2023\/01\/lrt_00005-1.jpg 1080w, https:\/\/www.5sitges.es\/wp-content\/uploads\/2023\/01\/lrt_00005-1-300x206.jpg 300w, https:\/\/www.5sitges.es\/wp-content\/uploads\/2023\/01\/lrt_00005-1-1024x702.jpg 1024w, https:\/\/www.5sitges.es\/wp-content\/uploads\/2023\/01\/lrt_00005-1-768x526.jpg 768w, https:\/\/www.5sitges.es\/wp-content\/uploads\/2023\/01\/lrt_00005-1-900x617.jpg 900w, https:\/\/www.5sitges.es\/wp-content\/uploads\/2023\/01\/lrt_00005-1-400x274.jpg 400w, https:\/\/www.5sitges.es\/wp-content\/uploads\/2023\/01\/lrt_00005-1-480x329.jpg 480w, https:\/\/www.5sitges.es\/wp-content\/uploads\/2023\/01\/lrt_00005-1-600x411.jpg 600w\" sizes=\"(max-width: 1080px) 100vw, 1080px\" \/>\n\t\t\t<\/div><\/figure><figure class='gallery-item'>\n\t\t\t<div class='gallery-icon landscape'>\n\t\t\t\t<img decoding=\"async\" width=\"378\" height=\"259\" src=\"https:\/\/www.5sitges.es\/wp-content\/uploads\/2023\/01\/imageevento.jpg\" class=\"attachment-full size-full\" alt=\"\" srcset=\"https:\/\/www.5sitges.es\/wp-content\/uploads\/2023\/01\/imageevento.jpg 378w, https:\/\/www.5sitges.es\/wp-content\/uploads\/2023\/01\/imageevento-300x206.jpg 300w\" sizes=\"(max-width: 378px) 100vw, 378px\" \/>\n\t\t\t<\/div><\/figure>\n\t\t<\/div>\n\n\n\t<\/div>\n\t<\/div>\n\n\n\n\n<aside class=\"sidebar  sidebar--footer sidebar--footer__dark\">\n\t\t\t<div class=\"container\">\n\t\t\t\t\n\t<div class=\"footer-widget-area  col-3  \">\n\t\t<aside class=\"sidebar\">\n\t\t<div class=\"back-black\" style=\"\n    max-width: 100%;\n    margin-left: 0px !important;\n    margin-right: 0px !important;\n   \n    padding: 20px;\n\"><p style=\"text-align: center; style=\" color:=\"\" #fff;=\"\" \"=\"\"><\/p><hgroup class=\"pixcode  pixcode--heading article__headline\">\n\t<h2 class=\"headline__secondary\"><span class=\"first-letter\"> <\/span>Reserva<\/h2>\n\t<h1 class=\"headline__primary\" style=\"\n    color: white;\n\">el teu lloc avui i experimenta el millor pati interior de Sitges!<\/h1>\n<\/hgroup>\n<br><\/div>\t<\/aside>\n\t\t<!-- .sidebar -->\n\t<\/div><!-- .grid__item -->\n\t\t\t<\/div>\n\t\t<\/aside>\n\n\n\n<figure class=\"wp-block-video video-hero\"><video autoplay loop muted src=\"https:\/\/www.5sitges.es\/wp-content\/uploads\/2023\/01\/terrazza-nuova-dicembre-prova.mov\"><\/video><\/figure>\n\n\n\n<pre class=\"wp-block-code\"><code><\/code><\/pre>\n\n\n\n<figure class=\"wp-block-gallery alignwide has-nested-images columns-default is-cropped wp-block-gallery-3 is-layout-flex wp-block-gallery-is-layout-flex\">\n<figure class=\"wp-block-image size-large\"><img decoding=\"async\" width=\"1024\" height=\"752\" data-id=\"2515\" src=\"https:\/\/www.5sitges.es\/wp-content\/uploads\/2023\/01\/lrt_00003-1024x752.jpg\" alt=\"\" class=\"wp-image-2515\" srcset=\"https:\/\/www.5sitges.es\/wp-content\/uploads\/2023\/01\/lrt_00003-1024x752.jpg 1024w, https:\/\/www.5sitges.es\/wp-content\/uploads\/2023\/01\/lrt_00003-300x220.jpg 300w, https:\/\/www.5sitges.es\/wp-content\/uploads\/2023\/01\/lrt_00003-768x564.jpg 768w, https:\/\/www.5sitges.es\/wp-content\/uploads\/2023\/01\/lrt_00003-900x661.jpg 900w, https:\/\/www.5sitges.es\/wp-content\/uploads\/2023\/01\/lrt_00003-400x294.jpg 400w, https:\/\/www.5sitges.es\/wp-content\/uploads\/2023\/01\/lrt_00003-480x352.jpg 480w, https:\/\/www.5sitges.es\/wp-content\/uploads\/2023\/01\/lrt_00003-600x441.jpg 600w, https:\/\/www.5sitges.es\/wp-content\/uploads\/2023\/01\/lrt_00003.jpg 1080w\" sizes=\"(max-width: 1024px) 100vw, 1024px\" \/><\/figure>\n\n\n\n<figure class=\"wp-block-image size-large\"><img decoding=\"async\" width=\"1024\" height=\"683\" data-id=\"2517\" src=\"https:\/\/www.5sitges.es\/wp-content\/uploads\/2023\/01\/7-1024x683.jpg\" alt=\"\" class=\"wp-image-2517\" srcset=\"https:\/\/www.5sitges.es\/wp-content\/uploads\/2023\/01\/7-1024x683.jpg 1024w, https:\/\/www.5sitges.es\/wp-content\/uploads\/2023\/01\/7-300x200.jpg 300w, https:\/\/www.5sitges.es\/wp-content\/uploads\/2023\/01\/7-768x512.jpg 768w, https:\/\/www.5sitges.es\/wp-content\/uploads\/2023\/01\/7-900x600.jpg 900w, https:\/\/www.5sitges.es\/wp-content\/uploads\/2023\/01\/7-400x267.jpg 400w, https:\/\/www.5sitges.es\/wp-content\/uploads\/2023\/01\/7-480x320.jpg 480w, https:\/\/www.5sitges.es\/wp-content\/uploads\/2023\/01\/7-600x400.jpg 600w, https:\/\/www.5sitges.es\/wp-content\/uploads\/2023\/01\/7.jpg 1080w\" sizes=\"(max-width: 1024px) 100vw, 1024px\" \/><\/figure>\n\n\n\n<figure class=\"wp-block-image size-large\"><img decoding=\"async\" width=\"1024\" height=\"683\" data-id=\"2518\" src=\"https:\/\/www.5sitges.es\/wp-content\/uploads\/2023\/01\/14-1-1024x683.jpg\" alt=\"\" class=\"wp-image-2518\" srcset=\"https:\/\/www.5sitges.es\/wp-content\/uploads\/2023\/01\/14-1-1024x683.jpg 1024w, https:\/\/www.5sitges.es\/wp-content\/uploads\/2023\/01\/14-1-300x200.jpg 300w, https:\/\/www.5sitges.es\/wp-content\/uploads\/2023\/01\/14-1-768x512.jpg 768w, https:\/\/www.5sitges.es\/wp-content\/uploads\/2023\/01\/14-1-900x600.jpg 900w, https:\/\/www.5sitges.es\/wp-content\/uploads\/2023\/01\/14-1-400x267.jpg 400w, https:\/\/www.5sitges.es\/wp-content\/uploads\/2023\/01\/14-1-480x320.jpg 480w, https:\/\/www.5sitges.es\/wp-content\/uploads\/2023\/01\/14-1-600x400.jpg 600w, https:\/\/www.5sitges.es\/wp-content\/uploads\/2023\/01\/14-1.jpg 1080w\" sizes=\"(max-width: 1024px) 100vw, 1024px\" \/><\/figure>\n\n\n\n<figure class=\"wp-block-image size-large\"><img decoding=\"async\" width=\"1024\" height=\"683\" data-id=\"2519\" src=\"https:\/\/www.5sitges.es\/wp-content\/uploads\/2023\/01\/19-1-1024x683.jpg\" alt=\"\" class=\"wp-image-2519\" srcset=\"https:\/\/www.5sitges.es\/wp-content\/uploads\/2023\/01\/19-1-1024x683.jpg 1024w, https:\/\/www.5sitges.es\/wp-content\/uploads\/2023\/01\/19-1-300x200.jpg 300w, https:\/\/www.5sitges.es\/wp-content\/uploads\/2023\/01\/19-1-768x512.jpg 768w, https:\/\/www.5sitges.es\/wp-content\/uploads\/2023\/01\/19-1-900x600.jpg 900w, https:\/\/www.5sitges.es\/wp-content\/uploads\/2023\/01\/19-1-400x267.jpg 400w, https:\/\/www.5sitges.es\/wp-content\/uploads\/2023\/01\/19-1-480x320.jpg 480w, https:\/\/www.5sitges.es\/wp-content\/uploads\/2023\/01\/19-1-600x400.jpg 600w, https:\/\/www.5sitges.es\/wp-content\/uploads\/2023\/01\/19-1.jpg 1080w\" sizes=\"(max-width: 1024px) 100vw, 1024px\" \/><\/figure>\n\n\n\n<figure class=\"wp-block-image size-large\"><img decoding=\"async\" width=\"1024\" height=\"683\" data-id=\"2516\" src=\"https:\/\/www.5sitges.es\/wp-content\/uploads\/2023\/01\/21-1024x683.jpg\" alt=\"\" class=\"wp-image-2516\" srcset=\"https:\/\/www.5sitges.es\/wp-content\/uploads\/2023\/01\/21-1024x683.jpg 1024w, https:\/\/www.5sitges.es\/wp-content\/uploads\/2023\/01\/21-300x200.jpg 300w, https:\/\/www.5sitges.es\/wp-content\/uploads\/2023\/01\/21-768x512.jpg 768w, https:\/\/www.5sitges.es\/wp-content\/uploads\/2023\/01\/21-900x600.jpg 900w, https:\/\/www.5sitges.es\/wp-content\/uploads\/2023\/01\/21-400x267.jpg 400w, https:\/\/www.5sitges.es\/wp-content\/uploads\/2023\/01\/21-480x320.jpg 480w, https:\/\/www.5sitges.es\/wp-content\/uploads\/2023\/01\/21-600x400.jpg 600w, https:\/\/www.5sitges.es\/wp-content\/uploads\/2023\/01\/21.jpg 1080w\" sizes=\"(max-width: 1024px) 100vw, 1024px\" \/><\/figure>\n<\/figure>\n","protected":false},"excerpt":{"rendered":"","protected":false},"author":5,"featured_media":2537,"parent":0,"menu_order":0,"comment_status":"closed","ping_status":"closed","template":"","meta":{"novablocks_hero_scroll_indicator":false,"novablocks_hero_position_indicators":false,"supernova_prevent_duplicate":false,"footnotes":""},"class_list":["post-2372","page","type-page","status-publish","has-post-thumbnail","hentry"],"_links":{"self":[{"href":"https:\/\/www.5sitges.es\/ca\/wp-json\/wp\/v2\/pages\/2372","targetHints":{"allow":["GET"]}}],"collection":[{"href":"https:\/\/www.5sitges.es\/ca\/wp-json\/wp\/v2\/pages"}],"about":[{"href":"https:\/\/www.5sitges.es\/ca\/wp-json\/wp\/v2\/types\/page"}],"author":[{"embeddable":true,"href":"https:\/\/www.5sitges.es\/ca\/wp-json\/wp\/v2\/users\/5"}],"replies":[{"embeddable":true,"href":"https:\/\/www.5sitges.es\/ca\/wp-json\/wp\/v2\/comments?post=2372"}],"version-history":[{"count":106,"href":"https:\/\/www.5sitges.es\/ca\/wp-json\/wp\/v2\/pages\/2372\/revisions"}],"predecessor-version":[{"id":2688,"href":"https:\/\/www.5sitges.es\/ca\/wp-json\/wp\/v2\/pages\/2372\/revisions\/2688"}],"wp:featuredmedia":[{"embeddable":true,"href":"https:\/\/www.5sitges.es\/ca\/wp-json\/wp\/v2\/media\/2537"}],"wp:attachment":[{"href":"https:\/\/www.5sitges.es\/ca\/wp-json\/wp\/v2\/media?parent=2372"}],"curies":[{"name":"wp","href":"https:\/\/api.w.org\/{rel}","templated":true}]}}