{"id":2689,"date":"2023-06-16T12:42:52","date_gmt":"2023-06-16T12:42:52","guid":{"rendered":"https:\/\/www.5sitges.es\/?page_id=2689"},"modified":"2025-12-15T16:39:34","modified_gmt":"2025-12-15T16:39:34","slug":"water","status":"publish","type":"page","link":"https:\/\/www.5sitges.es\/ca\/water\/","title":{"rendered":"Water"},"content":{"rendered":"<div class=\"pixcode  pixcode--separator  separator separator--flower\">&#10043;<\/div>\n\n<hgroup class=\"pixcode  pixcode--heading article__headline\">\n\t<h2 class=\"headline__secondary\"><span class=\"first-letter\">P<\/span>er qu\u00e8 pagar l&#039;aigua a la nostra cafeteria?<\/h2>\n\t<h1 class=\"headline__primary\">Un enfocament sostenible amb una alternativa lliure...<\/h1>\n<\/hgroup>\n<div class=\"pixcode  pixcode--separator  separator separator--flower\">&#10043;<\/div>\n\n<p>Al Cinc Food Parlour hem pres la decisi\u00f3 conscient de no servir aigua mineral embotellada en nom de la sostenibilitat i el respecte al medi ambient. Ens esforcem per minimitzar l&#8217;\u00fas d&#8217;envasos de pl\u00e0stic i, per aquest motiu, oferim aigua microfiltrada en ampolles de 500 i 750 ml.<\/p>\n<p>Aquest proc\u00e9s de microfiltraci\u00f3 el duu a terme Culligan, l\u00edder mundial en sistemes de filtraci\u00f3. Lloguem una m\u00e0quina que filtra i refreda l&#8217;aigua i tamb\u00e9 pot carbonatar-la amb CO2. Tanmateix, hi ha costos associats a la prestaci\u00f3 d&#8217;aquest servei, com el manteniment, la neteja peri\u00f2dica de les canonades, la substituci\u00f3 dels filtres i les despeses d&#8217;electricitat. Per tant, no podem oferir aigua sense cost als nostres clients.<\/p>\n<p>Entenem que alguns clients prefereixin que els servim aigua de l&#8217;aixeta, per la qual cosa sempre complim amb el Decret 18.3 de la Llei 7\/2022, aix\u00ed com tamb\u00e9 amb el sentit com\u00fa. D&#8217;acord amb aquesta normativa, servim aigua de l&#8217;aixeta a tots els clients que ens ho demanen, sense filtrar-la ni cobrar c\u00e0rrecs addicionals. Volem assegurar-nos que tothom se senti c\u00f2mode i satisfet quan mengi a la nostra cafeteria.<\/p>\n<p>\u00c9s important aclarir les raons dels nostres preus de l&#8217;aigua, ja que hem rebut algunes cr\u00edtiques negatives al respecte. Ens agradaria parlar sobre aquestes preocupacions i oferir una explicaci\u00f3. En primer lloc, alguns clients han expressat la seva decepci\u00f3 pel preu que se&#8217;ls va cobrar per l&#8217;aigua, considerant-lo excessiu en comparaci\u00f3 amb la seva qualitat. Volem assegurar-vos que la nostra aigua microfiltrada compleix alts nivells de qualitat i sabor gr\u00e0cies a l&#8217;avan\u00e7at sistema de filtraci\u00f3 proporcionat per Culligan.<\/p>\n<p>Volem disculpar-nos sincerament si hi ha hagut algun malent\u00e8s. La nostra intenci\u00f3 mai \u00e9s enganyar els nostres clients, els quals tant valorem. Hem exposat clarament la nostra pol\u00edtica sobre l&#8217;aigua i els costos associats. De fet, animem els clients que explorin alternatives i tri\u00efn la que m\u00e9s els convingui.<\/p>\n<p>Finalment, alguns clients han esmentat que se&#8217;ls va cobrar un vas d&#8217;aigua sense av\u00eds previ. Demanem disculpes per qualsevol confusi\u00f3 que s\u2019hagi pogut produir. La nostra estructura de preus inclou el cost del servei d&#8217;aigua microfiltrada, per la qual cosa porta associat un c\u00e0rrec. Tanmateix, reconeixem que cal una comunicaci\u00f3 m\u00e9s clara sobre el preu de l&#8217;aigua, i ens esfor\u00e7arem per millorar en aquest aspecte.<\/p>\n<p>Agra\u00efm la vostra comprensi\u00f3 i els vostres comentaris. El nostre principal objectiu \u00e9s oferir als nostres clients una experi\u00e8ncia gastron\u00f2mica sostenible i agradable. Si teniu m\u00e9s preguntes o inquietuds, no dubteu a posar-vos en contacte amb el nostre personal. Gr\u00e0cies pel vostre continu suport i per formar part de la nostra vida quotidiana.<\/p>\n<p>&nbsp;<\/p>\n","protected":false},"excerpt":{"rendered":"<p>Al Cinc Food Parlour hem pres la decisi\u00f3 conscient de no servir aigua mineral embotellada en nom de la sostenibilitat i el respecte al medi ambient. Ens esforcem per minimitzar l&#8217;\u00fas d&#8217;envasos de pl\u00e0stic i, per aquest motiu, oferim aigua microfiltrada en ampolles de 500 i 750 ml. Aquest proc\u00e9s de microfiltraci\u00f3 el duu a..<\/p>\n","protected":false},"author":2,"featured_media":2697,"parent":0,"menu_order":0,"comment_status":"closed","ping_status":"closed","template":"","meta":{"novablocks_hero_scroll_indicator":false,"novablocks_hero_position_indicators":false,"supernova_prevent_duplicate":false,"footnotes":""},"class_list":["post-2689","page","type-page","status-publish","has-post-thumbnail","hentry"],"_links":{"self":[{"href":"https:\/\/www.5sitges.es\/ca\/wp-json\/wp\/v2\/pages\/2689","targetHints":{"allow":["GET"]}}],"collection":[{"href":"https:\/\/www.5sitges.es\/ca\/wp-json\/wp\/v2\/pages"}],"about":[{"href":"https:\/\/www.5sitges.es\/ca\/wp-json\/wp\/v2\/types\/page"}],"author":[{"embeddable":true,"href":"https:\/\/www.5sitges.es\/ca\/wp-json\/wp\/v2\/users\/2"}],"replies":[{"embeddable":true,"href":"https:\/\/www.5sitges.es\/ca\/wp-json\/wp\/v2\/comments?post=2689"}],"version-history":[{"count":16,"href":"https:\/\/www.5sitges.es\/ca\/wp-json\/wp\/v2\/pages\/2689\/revisions"}],"predecessor-version":[{"id":2803,"href":"https:\/\/www.5sitges.es\/ca\/wp-json\/wp\/v2\/pages\/2689\/revisions\/2803"}],"wp:featuredmedia":[{"embeddable":true,"href":"https:\/\/www.5sitges.es\/ca\/wp-json\/wp\/v2\/media\/2697"}],"wp:attachment":[{"href":"https:\/\/www.5sitges.es\/ca\/wp-json\/wp\/v2\/media?parent=2689"}],"curies":[{"name":"wp","href":"https:\/\/api.w.org\/{rel}","templated":true}]}}