{"id":352,"date":"2014-06-27T09:11:17","date_gmt":"2014-06-27T09:11:17","guid":{"rendered":""},"modified":"2022-07-17T16:19:10","modified_gmt":"2022-07-17T16:19:10","slug":"about-us","status":"publish","type":"page","link":"https:\/\/www.5sitges.es\/ca\/about-us\/","title":{"rendered":"sobre nosaltres"},"content":{"rendered":"<p style=\"text-align: center;\">Al 2015, vam comen\u00e7ar a buscar el lloc idoni per iniciar el nostre projecte. Vam viatjar per diferents continents, visitant innumerables ciutats i, finalment, vam aterrar a Sitges l\u2019any 2019. Es un poble petit per\u00f2 meravell\u00f3s de Catalunya, envoltat pel Mar Mediterrani i la serralada del Garraf.<\/p>\n<p style=\"text-align: center;\">Tot i que Sitges est\u00e0 molt a prop de Barcelona, compte amb un car\u00e0cter especial: el clima es temperat durant tot l\u2019any, les platges s\u00f3n amplies i llargues i, el casc hist\u00f2ric del poble no compte amb grans edificis tur\u00edstics. A m\u00e9s, Sitges es reconegut internacionalment per ser un poble de mentalitat oberta que acull una \u00e0mplia comunitat LGTBI que prov\u00e9 d\u2019arreu del m\u00f3n.<\/p>\n<p style=\"text-align: center;\">Mentre passeges per la ciutat, \u00e9s f\u00e0cil escoltar i recon\u00e8ixer diferents lleng\u00fces. Aix\u00f2, reflecteix la vocaci\u00f3 internacional de Sitges. \u00a1El 50% de la poblaci\u00f3 ve de l\u2019estranger!<\/p>\n<p style=\"text-align: center;\">Alguns esdeveniments importants que tenen lloc a Sitges s\u00f3n:<\/p>\n<p style=\"text-align: center;\"><a href=\"https:\/\/sitgesfilmfestival.com\/eng\">The Sitges International Fantastic Film Festival of Catalonia<\/a><br \/>\n<a href=\"https:\/\/www.visitsitges.com\/en\/carnaval-sitges-2020\">Sitges Carnival<\/a><br \/>\n<a href=\"http:\/\/www.visitsitges.com\">Barcelona-Sitges International Vintage Car Rally<\/a><br \/>\nSitges Gay Pride<br \/>\nCorpus Christi \u2013 Flower Carpets<br \/>\nAugust Fiesta Major<br \/>\nSitges Bears Week<br \/>\nMediterranean Ladies Golf Open<br \/>\n.<\/p>\n<div class=\"pixcode  pixcode--separator  separator separator--flower\">&#10043;<\/div>\n\n<hgroup class=\"pixcode  pixcode--heading article__headline\">\n\t<h2 class=\"headline__secondary\"><span class=\"first-letter\">W<\/span>hat is Cinc?<\/h2>\n\t<h1 class=\"headline__primary\">ni un restaurant, ni una cafeteria...<\/h1>\n<\/hgroup>\n<div class=\"pixcode  pixcode--separator  separator separator--flower\">&#10043;<\/div>\n\n<p style=\"text-align: center;\">Quan vam obrir CINC, vam pensar detingudament qu\u00e8 vol\u00edem crear. Vol\u00edem demostrar que, malgrat \u00e9sser en el carrer m\u00e9s popular i concorregut de Sitges, pod\u00edem oferir un servei amable, atent i accessible per a tothom -tamb\u00e9 per a un turista que visiti Sitges nom\u00e9s un dia-. Vol\u00edem oferir una alta qualitat culin\u00e0ria, menjar saludable sense ser un restaurant formal, demostrant que un dinar o un sopar a CiNC no implica fer un \u201cmenjar r\u00e0pid\u201d.<\/p>\n<p style=\"text-align: center;\">En aquell moment va ser quan vam crear aquest lloc h\u00edbrid, que pot satisfer les necessitats dels nostres clients durant tot el dia. CINC es un lloc per\u00a0 comen\u00e7ar el dia amb un <strong>caf\u00e8 Illy<\/strong> acabat de moldre i un <strong>croissant farcit de crema casolana<\/strong>. Un lloc per dinar de forma r\u00e0pida i lleugera, amb una amanida fresca i un <strong>delici\u00f3s entrep\u00e0<\/strong> juntament amb una <strong>canya de cervesa Moritz<\/strong> produ\u00efda a Barcelona. Un lloc per \u00a0fer una pausa mentre gaudeixes d\u2019un tros de <strong>past\u00eds<\/strong> i veus passar el m\u00f3n des de la nostra terrassa. Un lloc acollidor on poder celebrar el final del dia &#8211; ja sigui per vacances o negocis,- gaudint d\u2019una <strong>Aperol Spritz amb unes tapes<\/strong>. Un lloc per sopar amb una copa de vi, qualitat premium, i amb les millors receptes italianes preparades amb ingredients locals sempre que sigui possible.<\/p>\n<p style=\"text-align: center;\">Aix\u00f2 es CINC!<\/p>\n<p style=\"text-align: center;\"><a  class=\"pixcode  pixcode--btn  btn  btn--text\" href=\"menu\/\" >View The Full Menu<\/a>\n","protected":false},"excerpt":{"rendered":"<p>Al 2015, vam comen\u00e7ar a buscar el lloc idoni per iniciar el nostre projecte. Vam viatjar per diferents continents, visitant innumerables ciutats i, finalment, vam aterrar a Sitges l\u2019any 2019. Es un poble petit per\u00f2 meravell\u00f3s de Catalunya, envoltat pel Mar Mediterrani i la serralada del Garraf. Tot i que Sitges est\u00e0 molt a prop..<\/p>\n","protected":false},"author":1,"featured_media":2200,"parent":0,"menu_order":0,"comment_status":"closed","ping_status":"closed","template":"","meta":{"novablocks_hero_scroll_indicator":false,"novablocks_hero_position_indicators":false,"supernova_prevent_duplicate":false,"footnotes":""},"class_list":["post-352","page","type-page","status-publish","has-post-thumbnail","hentry"],"_links":{"self":[{"href":"https:\/\/www.5sitges.es\/ca\/wp-json\/wp\/v2\/pages\/352","targetHints":{"allow":["GET"]}}],"collection":[{"href":"https:\/\/www.5sitges.es\/ca\/wp-json\/wp\/v2\/pages"}],"about":[{"href":"https:\/\/www.5sitges.es\/ca\/wp-json\/wp\/v2\/types\/page"}],"author":[{"embeddable":true,"href":"https:\/\/www.5sitges.es\/ca\/wp-json\/wp\/v2\/users\/1"}],"replies":[{"embeddable":true,"href":"https:\/\/www.5sitges.es\/ca\/wp-json\/wp\/v2\/comments?post=352"}],"version-history":[{"count":39,"href":"https:\/\/www.5sitges.es\/ca\/wp-json\/wp\/v2\/pages\/352\/revisions"}],"predecessor-version":[{"id":2247,"href":"https:\/\/www.5sitges.es\/ca\/wp-json\/wp\/v2\/pages\/352\/revisions\/2247"}],"wp:featuredmedia":[{"embeddable":true,"href":"https:\/\/www.5sitges.es\/ca\/wp-json\/wp\/v2\/media\/2200"}],"wp:attachment":[{"href":"https:\/\/www.5sitges.es\/ca\/wp-json\/wp\/v2\/media?parent=352"}],"curies":[{"name":"wp","href":"https:\/\/api.w.org\/{rel}","templated":true}]}}