{"id":573,"date":"2015-03-24T07:43:09","date_gmt":"2015-03-24T07:43:09","guid":{"rendered":""},"modified":"2024-04-27T08:38:11","modified_gmt":"2024-04-27T08:38:11","slug":"home","status":"publish","type":"page","link":"https:\/\/www.5sitges.es\/ca\/","title":{"rendered":"Inici"},"content":{"rendered":"\t<div class=\"pixcode  pixcode--grid  grid\" >\n\t\t\t<div class=\"island grid__item six-twelfths palm-one-whole\" >\n\t\t\n<p style=\"text-align: center;\"><hgroup class=\"pixcode  pixcode--heading article__headline\">\n\t<h2 class=\"headline__secondary\"><span class=\"first-letter\">D<\/span>iscover<\/h2>\n\t<h1 class=\"headline__primary\">qui som<\/h1>\n<\/hgroup>\n<p style=\"text-align: center;\">A CINC, pots gaudir de plats r\u00e0pids que ofereixen el millor de la Cuina Mediterr\u00e0nia. Tots els nostres plats es preparen amb passi\u00f3 i ingredients locals.<\/p>\n<p style=\"text-align: center;\">Som un terme mig entre un restaurant i una cafeteria, aix\u00ed que no esperis trobar mantells de lli ni coberteries de plata &#8211; trobar\u00e0s somriures amics i plats deliciosos! \u2013 . Forma part de les nostres \u201cobsessions\u201d: tenir cura dels detalls, la qualitat del servei, una acurada selecci\u00f3 de mat\u00e8ries primeres i una reducci\u00f3 de l\u2019\u00fas del pl\u00e0stic (*).<\/p>\n<p style=\"text-align: center;\">Volem transmetre als nostres clients el nostre desig de qualitat i volem introduir-los en un menjar delici\u00f3s de la cuina Mediterr\u00e0nia.<\/p>\n<p style=\"text-align: center;\">(*) Susp\u00e8s temporalment a causa del Covid-19: utilitzem tant plats com coberteria reciclable i d\u2019un sol \u00fas per a reduir el risc de contaminaci\u00f3.<\/p>\n<p style=\"text-align: center;\"><a  class=\"pixcode  pixcode--btn  btn  btn--text\" href=\"about-us\/\" >About Us<\/a>\n\t<\/div>\n\t<div class=\"grid__item six-twelfths palm-one-whole\" >\n\t\t\n<p>&nbsp;<\/p>\n<p>&nbsp;<\/p>\n<p>&nbsp;<\/p>\n<p>&nbsp;<\/p>\n<p>&nbsp;<\/p>\n\n\t\t<style type='text\/css'>\n\t\t\t#gallery-0 {\n\t\t\t\tmargin: auto;\n\t\t\t}\n\t\t\t#gallery-0 .gallery-item {\n\t\t\t\tfloat: left;\n\t\t\t\ttext-align: center;\n\t\t\t\twidth: 50%;\n\t\t\t}\n\t\t\t\/* see gallery_shortcode() in wp-includes\/media.php *\/\n\t\t<\/style>\n\t\t<div id='gallery-0' class='gallery galleryid-573 gallery-columns-2 gallery-size-full'><figure class='gallery-item'>\n\t\t\t<div class='gallery-icon landscape'>\n\t\t\t\t<img decoding=\"async\" width=\"1299\" height=\"866\" src=\"https:\/\/www.5sitges.es\/wp-content\/uploads\/2019\/06\/e51a2123-lq.jpg\" class=\"attachment-full size-full\" alt=\"Cinc Restaurant kitchen food preparation\" srcset=\"https:\/\/www.5sitges.es\/wp-content\/uploads\/2019\/06\/e51a2123-lq.jpg 1299w, https:\/\/www.5sitges.es\/wp-content\/uploads\/2019\/06\/e51a2123-lq-600x400.jpg 600w, https:\/\/www.5sitges.es\/wp-content\/uploads\/2019\/06\/e51a2123-lq-300x200.jpg 300w, https:\/\/www.5sitges.es\/wp-content\/uploads\/2019\/06\/e51a2123-lq-768x512.jpg 768w, https:\/\/www.5sitges.es\/wp-content\/uploads\/2019\/06\/e51a2123-lq-1024x683.jpg 1024w, https:\/\/www.5sitges.es\/wp-content\/uploads\/2019\/06\/e51a2123-lq-1200x800.jpg 1200w, https:\/\/www.5sitges.es\/wp-content\/uploads\/2019\/06\/e51a2123-lq-900x600.jpg 900w, https:\/\/www.5sitges.es\/wp-content\/uploads\/2019\/06\/e51a2123-lq-400x267.jpg 400w\" sizes=\"(max-width: 1299px) 100vw, 1299px\" \/>\n\t\t\t<\/div><\/figure><figure class='gallery-item'>\n\t\t\t<div class='gallery-icon landscape'>\n\t\t\t\t<img decoding=\"async\" width=\"1800\" height=\"1200\" src=\"https:\/\/www.5sitges.es\/wp-content\/uploads\/2020\/08\/cin5-114-e1596613518832.jpg\" class=\"attachment-full size-full\" alt=\"cinc food parlour food display pasta lasagne pizza salad\" srcset=\"https:\/\/www.5sitges.es\/wp-content\/uploads\/2020\/08\/cin5-114-e1596613518832.jpg 1800w, https:\/\/www.5sitges.es\/wp-content\/uploads\/2020\/08\/cin5-114-e1596613518832-600x400.jpg 600w\" sizes=\"(max-width: 1800px) 100vw, 1800px\" \/>\n\t\t\t<\/div><\/figure><figure class='gallery-item'>\n\t\t\t<div class='gallery-icon landscape'>\n\t\t\t\t<img decoding=\"async\" width=\"1800\" height=\"1200\" src=\"https:\/\/www.5sitges.es\/wp-content\/uploads\/2020\/08\/cin5-123.jpg\" class=\"attachment-full size-full\" alt=\"cinc food parlour fried calamari and chips\" srcset=\"https:\/\/www.5sitges.es\/wp-content\/uploads\/2020\/08\/cin5-123.jpg 1800w, https:\/\/www.5sitges.es\/wp-content\/uploads\/2020\/08\/cin5-123-600x400.jpg 600w, https:\/\/www.5sitges.es\/wp-content\/uploads\/2020\/08\/cin5-123-300x200.jpg 300w, https:\/\/www.5sitges.es\/wp-content\/uploads\/2020\/08\/cin5-123-1024x683.jpg 1024w, https:\/\/www.5sitges.es\/wp-content\/uploads\/2020\/08\/cin5-123-768x512.jpg 768w, https:\/\/www.5sitges.es\/wp-content\/uploads\/2020\/08\/cin5-123-1536x1024.jpg 1536w, https:\/\/www.5sitges.es\/wp-content\/uploads\/2020\/08\/cin5-123-1200x800.jpg 1200w, https:\/\/www.5sitges.es\/wp-content\/uploads\/2020\/08\/cin5-123-900x600.jpg 900w, https:\/\/www.5sitges.es\/wp-content\/uploads\/2020\/08\/cin5-123-400x267.jpg 400w\" sizes=\"(max-width: 1800px) 100vw, 1800px\" \/>\n\t\t\t<\/div><\/figure><figure class='gallery-item'>\n\t\t\t<div class='gallery-icon landscape'>\n\t\t\t\t<img decoding=\"async\" width=\"951\" height=\"634\" src=\"https:\/\/www.5sitges.es\/wp-content\/uploads\/2020\/06\/esterno_notte.jpg\" class=\"attachment-full size-full\" alt=\"Cinc Restaurant terrace nightlife\" srcset=\"https:\/\/www.5sitges.es\/wp-content\/uploads\/2020\/06\/esterno_notte.jpg 951w, https:\/\/www.5sitges.es\/wp-content\/uploads\/2020\/06\/esterno_notte-600x400.jpg 600w, https:\/\/www.5sitges.es\/wp-content\/uploads\/2020\/06\/esterno_notte-300x200.jpg 300w, https:\/\/www.5sitges.es\/wp-content\/uploads\/2020\/06\/esterno_notte-768x512.jpg 768w, https:\/\/www.5sitges.es\/wp-content\/uploads\/2020\/06\/esterno_notte-900x600.jpg 900w, https:\/\/www.5sitges.es\/wp-content\/uploads\/2020\/06\/esterno_notte-400x267.jpg 400w\" sizes=\"(max-width: 951px) 100vw, 951px\" \/>\n\t\t\t<\/div><\/figure>\n\t\t<\/div>\n\n\t<\/div>\n\t<\/div>\n\n","protected":false},"excerpt":{"rendered":"","protected":false},"author":1,"featured_media":0,"parent":0,"menu_order":0,"comment_status":"closed","ping_status":"closed","template":"page-templates\/slideshow.php","meta":{"novablocks_hero_scroll_indicator":false,"novablocks_hero_position_indicators":false,"supernova_prevent_duplicate":false,"footnotes":""},"class_list":["post-573","page","type-page","status-publish","hentry"],"_links":{"self":[{"href":"https:\/\/www.5sitges.es\/ca\/wp-json\/wp\/v2\/pages\/573","targetHints":{"allow":["GET"]}}],"collection":[{"href":"https:\/\/www.5sitges.es\/ca\/wp-json\/wp\/v2\/pages"}],"about":[{"href":"https:\/\/www.5sitges.es\/ca\/wp-json\/wp\/v2\/types\/page"}],"author":[{"embeddable":true,"href":"https:\/\/www.5sitges.es\/ca\/wp-json\/wp\/v2\/users\/1"}],"replies":[{"embeddable":true,"href":"https:\/\/www.5sitges.es\/ca\/wp-json\/wp\/v2\/comments?post=573"}],"version-history":[{"count":42,"href":"https:\/\/www.5sitges.es\/ca\/wp-json\/wp\/v2\/pages\/573\/revisions"}],"predecessor-version":[{"id":2723,"href":"https:\/\/www.5sitges.es\/ca\/wp-json\/wp\/v2\/pages\/573\/revisions\/2723"}],"wp:attachment":[{"href":"https:\/\/www.5sitges.es\/ca\/wp-json\/wp\/v2\/media?parent=573"}],"curies":[{"name":"wp","href":"https:\/\/api.w.org\/{rel}","templated":true}]}}