{"id":2316,"date":"2023-01-18T15:08:53","date_gmt":"2023-01-18T15:08:53","guid":{"rendered":"https:\/\/www.5sitges.es\/?post_type=product&#038;p=2316"},"modified":"2023-01-18T15:15:38","modified_gmt":"2023-01-18T15:15:38","slug":"x7-1-maquina-de-cafe-en-capsulas-iperespresso","status":"publish","type":"product","link":"https:\/\/www.5sitges.es\/ca\/product\/x7-1-maquina-de-cafe-en-capsulas-iperespresso\/","title":{"rendered":"X7.1 M\u00e1quina de caf\u00e9 en c\u00e1psulas Iperespresso"},"content":{"rendered":"<p>Preparaci\u00f3n: Caf\u00e9 espresso y Cappuccino<\/p>\n<ul>\n<li style=\"list-style-type: none;\">\n<ul>\n<li>Tecnolog\u00eda avanzada para uso con c\u00e1psulas illy iperespresso<\/li>\n<li>Ciclo de preparaci\u00f3n de un solo toque<\/li>\n<li>Varita de vapor Pannarello para espumar f\u00e1cilmente la leche<\/li>\n<li>Funci\u00f3n de parada autom\u00e1tica con volumen programable<\/li>\n<\/ul>\n<\/li>\n<\/ul>\n<p>Modo de ahorro de energ\u00eda<\/p>\n<p>&nbsp;<\/p>\n","protected":false},"excerpt":{"rendered":"<p>Preparaci\u00f3n: Caf\u00e9 espresso y Cappuccino Tecnolog\u00eda avanzada para uso con c\u00e1psulas illy iperespresso Ciclo de preparaci\u00f3n de un solo toque Varita de vapor Pannarello para espumar f\u00e1cilmente la leche Funci\u00f3n de parada autom\u00e1tica con volumen programable Modo de ahorro de energ\u00eda &nbsp;<\/p>\n","protected":false},"featured_media":2325,"template":"","meta":{"novablocks_hero_scroll_indicator":false,"novablocks_hero_position_indicators":false,"supernova_prevent_duplicate":false},"product_brand":[],"product_cat":[],"product_tag":[],"class_list":{"0":"post-2316","1":"product","2":"type-product","3":"status-publish","4":"has-post-thumbnail","7":"first","8":"instock","9":"shipping-taxable","10":"purchasable","11":"product-type-simple"},"_links":{"self":[{"href":"https:\/\/www.5sitges.es\/ca\/wp-json\/wp\/v2\/product\/2316","targetHints":{"allow":["GET"]}}],"collection":[{"href":"https:\/\/www.5sitges.es\/ca\/wp-json\/wp\/v2\/product"}],"about":[{"href":"https:\/\/www.5sitges.es\/ca\/wp-json\/wp\/v2\/types\/product"}],"wp:featuredmedia":[{"embeddable":true,"href":"https:\/\/www.5sitges.es\/ca\/wp-json\/wp\/v2\/media\/2325"}],"wp:attachment":[{"href":"https:\/\/www.5sitges.es\/ca\/wp-json\/wp\/v2\/media?parent=2316"}],"wp:term":[{"taxonomy":"product_brand","embeddable":true,"href":"https:\/\/www.5sitges.es\/ca\/wp-json\/wp\/v2\/product_brand?post=2316"},{"taxonomy":"product_cat","embeddable":true,"href":"https:\/\/www.5sitges.es\/ca\/wp-json\/wp\/v2\/product_cat?post=2316"},{"taxonomy":"product_tag","embeddable":true,"href":"https:\/\/www.5sitges.es\/ca\/wp-json\/wp\/v2\/product_tag?post=2316"}],"curies":[{"name":"wp","href":"https:\/\/api.w.org\/{rel}","templated":true}]}}