{"id":2333,"date":"2023-01-18T15:24:14","date_gmt":"2023-01-18T15:24:14","guid":{"rendered":"https:\/\/www.5sitges.es\/?post_type=product&#038;p=2333"},"modified":"2023-01-18T15:33:59","modified_gmt":"2023-01-18T15:33:59","slug":"x1-anniversary-maquina-de-cafe-en-capsulas-iperespresso","status":"publish","type":"product","link":"https:\/\/www.5sitges.es\/ca\/product\/x1-anniversary-maquina-de-cafe-en-capsulas-iperespresso\/","title":{"rendered":"X1 Anniversary &#8211; M\u00e1quina de caf\u00e9 en c\u00e1psulas Iperespresso"},"content":{"rendered":"<p>Preparaci\u00f3n: Caf\u00e9 espresso, Caf\u00e9 americano, Cappuccino<\/p>\n<ul>\n<li style=\"list-style-type: none;\">\n<ul>\n<li>La cafetera X1 ha sido dise\u00f1ada por Luca Trazzi como la s\u00edntesis perfecta de belleza y tecnolog\u00eda<\/li>\n<li>Con la X1 Anniversary puedes preparar una taza de espresso perfecta o un excelente caf\u00e9 con filtro: simplemente coloca la c\u00e1psula Iperespresso correspondiente en el portafiltro<\/li>\n<li>Tambi\u00e9n puedes hacer espuma de leche con la boquilla de vapor para crear un cappuccino suave y cremoso<\/li>\n<li>La X1 Anniversary tiene una doble rejilla para tazas: una para tazas de caf\u00e9 y otra para tazas de capuchino<\/li>\n<li>Puedes elegir entre caf\u00e9 expreso y caf\u00e9 de filtro. <span style=\"font-family: inherit; font-weight: inherit;\">Boquilla de vapor de leche<\/span><\/li>\n<\/ul>\n<\/li>\n<\/ul>\n<p>&nbsp;<\/p>\n","protected":false},"excerpt":{"rendered":"<p>Preparaci\u00f3n: Caf\u00e9 espresso, Caf\u00e9 americano, Cappuccino La cafetera X1 ha sido dise\u00f1ada por Luca Trazzi como la s\u00edntesis perfecta de belleza y tecnolog\u00eda Con la X1 Anniversary puedes preparar una taza de espresso perfecta o un excelente caf\u00e9 con filtro: simplemente coloca la c\u00e1psula Iperespresso correspondiente en el portafiltro Tambi\u00e9n puedes hacer espuma de leche..<\/p>\n","protected":false},"featured_media":2342,"template":"","meta":{"novablocks_hero_scroll_indicator":false,"novablocks_hero_position_indicators":false,"supernova_prevent_duplicate":false},"product_brand":[],"product_cat":[],"product_tag":[],"class_list":{"0":"post-2333","1":"product","2":"type-product","3":"status-publish","4":"has-post-thumbnail","7":"first","8":"instock","9":"shipping-taxable","10":"purchasable","11":"product-type-simple"},"_links":{"self":[{"href":"https:\/\/www.5sitges.es\/ca\/wp-json\/wp\/v2\/product\/2333","targetHints":{"allow":["GET"]}}],"collection":[{"href":"https:\/\/www.5sitges.es\/ca\/wp-json\/wp\/v2\/product"}],"about":[{"href":"https:\/\/www.5sitges.es\/ca\/wp-json\/wp\/v2\/types\/product"}],"wp:featuredmedia":[{"embeddable":true,"href":"https:\/\/www.5sitges.es\/ca\/wp-json\/wp\/v2\/media\/2342"}],"wp:attachment":[{"href":"https:\/\/www.5sitges.es\/ca\/wp-json\/wp\/v2\/media?parent=2333"}],"wp:term":[{"taxonomy":"product_brand","embeddable":true,"href":"https:\/\/www.5sitges.es\/ca\/wp-json\/wp\/v2\/product_brand?post=2333"},{"taxonomy":"product_cat","embeddable":true,"href":"https:\/\/www.5sitges.es\/ca\/wp-json\/wp\/v2\/product_cat?post=2333"},{"taxonomy":"product_tag","embeddable":true,"href":"https:\/\/www.5sitges.es\/ca\/wp-json\/wp\/v2\/product_tag?post=2333"}],"curies":[{"name":"wp","href":"https:\/\/api.w.org\/{rel}","templated":true}]}}