{"id":302,"date":"2014-06-13T08:39:20","date_gmt":"2014-06-13T08:39:20","guid":{"rendered":""},"modified":"2023-01-18T15:06:36","modified_gmt":"2023-01-18T15:06:36","slug":"y3-3-espresso-coffee-maquina-de-cafe-iperespresso","status":"publish","type":"product","link":"https:\/\/www.5sitges.es\/ca\/product\/y3-3-espresso-coffee-maquina-de-cafe-iperespresso\/","title":{"rendered":"Y3.3 Espresso &#038; Coffee &#8211; M\u00e1quina de caf\u00e9 Iperespresso"},"content":{"rendered":"<p>Preparaci\u00f3n: Caf\u00e9 espresso y Caf\u00e9 americano<\/p>\n<ul>\n<li><span lang=\"ES-TRAD\">Prepara sin esfuerzo espresso y caf\u00e9 con un funcionamiento f\u00e1cil de usar con un solo toque. <\/span>Funciona con c\u00e1psulas illy iperEspresso<\/li>\n<li>Cuenta con dos ajustes de caf\u00e9 programables y se ajusta para adaptarse a casi cualquier tama\u00f1o de taza para garantizar que puedas disfrutar de tu espresso o caf\u00e9 como te guste<\/li>\n<li><span lang=\"ES-TRAD\">Las dos c\u00e1psulas diferentes (caf\u00e9 elaborado y espresso) traen a casa la calidad del caf\u00e9 preparado para barista<\/span><\/li>\n<li>Dise\u00f1o elegante y compacto que hace que sea un ajuste perfecto para cualquier decoraci\u00f3n de cocina. Disponible en 7 distintos colores<\/li>\n<li>Dep\u00f3sito de agua extra\u00edble: 0.75l, \u00a0expulsi\u00f3n autom\u00e1tica de c\u00e1psulas usadas, capacidad del caj\u00f3n de c\u00e1psulas usadas: 7 c\u00e1psulas. Dimensiones de la m\u00e1quina: 3. 94 (ancho) x 11. 73 (profundidad) x 10 (alto)<\/li>\n<\/ul>\n<p>&nbsp;<\/p>\n","protected":false},"excerpt":{"rendered":"<p>Preparaci\u00f3n: Caf\u00e9 espresso y Caf\u00e9 americano Prepara sin esfuerzo espresso y caf\u00e9 con un funcionamiento f\u00e1cil de usar con un solo toque. Funciona con c\u00e1psulas illy iperEspresso Cuenta con dos ajustes de caf\u00e9 programables y se ajusta para adaptarse a casi cualquier tama\u00f1o de taza para garantizar que puedas disfrutar de tu espresso o caf\u00e9..<\/p>\n","protected":false},"featured_media":2311,"template":"","meta":{"novablocks_hero_scroll_indicator":false,"novablocks_hero_position_indicators":false,"supernova_prevent_duplicate":false},"product_brand":[],"product_cat":[],"product_tag":[],"class_list":{"0":"post-302","1":"product","2":"type-product","3":"status-publish","4":"has-post-thumbnail","7":"first","8":"instock","9":"shipping-taxable","10":"purchasable","11":"product-type-simple"},"_links":{"self":[{"href":"https:\/\/www.5sitges.es\/ca\/wp-json\/wp\/v2\/product\/302","targetHints":{"allow":["GET"]}}],"collection":[{"href":"https:\/\/www.5sitges.es\/ca\/wp-json\/wp\/v2\/product"}],"about":[{"href":"https:\/\/www.5sitges.es\/ca\/wp-json\/wp\/v2\/types\/product"}],"wp:featuredmedia":[{"embeddable":true,"href":"https:\/\/www.5sitges.es\/ca\/wp-json\/wp\/v2\/media\/2311"}],"wp:attachment":[{"href":"https:\/\/www.5sitges.es\/ca\/wp-json\/wp\/v2\/media?parent=302"}],"wp:term":[{"taxonomy":"product_brand","embeddable":true,"href":"https:\/\/www.5sitges.es\/ca\/wp-json\/wp\/v2\/product_brand?post=302"},{"taxonomy":"product_cat","embeddable":true,"href":"https:\/\/www.5sitges.es\/ca\/wp-json\/wp\/v2\/product_cat?post=302"},{"taxonomy":"product_tag","embeddable":true,"href":"https:\/\/www.5sitges.es\/ca\/wp-json\/wp\/v2\/product_tag?post=302"}],"curies":[{"name":"wp","href":"https:\/\/api.w.org\/{rel}","templated":true}]}}