{"id":2283,"date":"2023-01-12T14:22:43","date_gmt":"2023-01-12T14:22:43","guid":{"rendered":"https:\/\/www.5sitges.es\/?page_id=2283"},"modified":"2023-01-18T16:22:02","modified_gmt":"2023-01-18T16:22:02","slug":"tienda","status":"publish","type":"page","link":"https:\/\/www.5sitges.es\/es\/tienda\/","title":{"rendered":"Tienda"},"content":{"rendered":"<p style=\"text-align: center;\">Trabajamos con Illy desde el primer d\u00eda. No hay otras opciones si deseas tener el mejor caf\u00e9 con una calidad constante. Estamos orgullosos de ser una Tienda Illy y ofrecer algunos de sus productos para experimentar la Calidad Illy tambi\u00e9n en casa. Hay m\u00e1s productos disponibles y se pueden pedir, no se pagan gastos de env\u00edo.<\/p>\n<hgroup class=\"pixcode pixcode--heading article__headline\">\n<h2 class=\"headline__secondary\"><span class=\"first-letter\">C<\/span>af\u00e9<\/h2>\n<h1 class=\"headline__primary\" style=\"text-align: center; color: #fff;\">Descubre una amplia gama de productos de calidad.<\/h1>\n<\/hgroup>\n<div class=\"woocommerce columns-3 \"><ul class=\"products columns-3\">\n<li class=\"product type-product post-2676 status-publish instock product_cat-illy-coffee has-post-thumbnail shipping-taxable purchasable product-type-simple\">\n\n\t<a href=\"https:\/\/www.5sitges.es\/es\/product\/6-latas-de-21-capsulas-iperespresso-descafeinado-2\/\" class=\"woocommerce-LoopProduct-link woocommerce-loop-product__link\"><img decoding=\"async\" width=\"300\" height=\"300\" src=\"https:\/\/www.5sitges.es\/wp-content\/uploads\/2023\/04\/61jvhpryfcl._ac_sx425_-300x300.jpg\" class=\"attachment-woocommerce_thumbnail size-woocommerce_thumbnail\" alt=\"21 C\u00e1psulas Iperespresso Descafeinado\" srcset=\"https:\/\/www.5sitges.es\/wp-content\/uploads\/2023\/04\/61jvhpryfcl._ac_sx425_-300x300.jpg 300w, https:\/\/www.5sitges.es\/wp-content\/uploads\/2023\/04\/61jvhpryfcl._ac_sx425_-150x150.jpg 150w, https:\/\/www.5sitges.es\/wp-content\/uploads\/2023\/04\/61jvhpryfcl._ac_sx425_-100x100.jpg 100w\" sizes=\"(max-width: 300px) 100vw, 300px\" \/>\n\t<h4 class=\"product__title\">21 C\u00e1psulas Iperespresso Descafeinado<\/h4>\n\n        <hr\/>\n\n\t\n\t<span class=\"price\"><span class=\"woocommerce-Price-amount amount\"><bdi><span class=\"woocommerce-Price-currencySymbol\">&euro;<\/span>12,90<\/bdi><\/span><\/span>\n<\/a><a href=\"\/es\/wp-json\/wp\/v2\/pages\/2283?add-to-cart=2676\" rel=\"nofollow\" data-quantity=\"1\" data-product_id=\"2676\" data-product_sku=\"\" class=\"product__button button product_type_simple add_to_cart_button ajax_add_to_cart\">A\u00f1adir al carrito<\/a><\/li><li class=\"product type-product post-2675 status-publish first instock product_cat-illy-coffee has-post-thumbnail shipping-taxable purchasable product-type-simple\">\n\n\t<a href=\"https:\/\/www.5sitges.es\/es\/product\/6-latas-de-21-capsulas-iperespresso-intenso\/\" class=\"woocommerce-LoopProduct-link woocommerce-loop-product__link\"><img decoding=\"async\" width=\"300\" height=\"300\" src=\"https:\/\/www.5sitges.es\/wp-content\/uploads\/2023\/04\/51khglnxpml._ac_sx569_-300x300.jpg\" class=\"attachment-woocommerce_thumbnail size-woocommerce_thumbnail\" alt=\"21 C\u00e1psulas Iperespresso Intenso\" srcset=\"https:\/\/www.5sitges.es\/wp-content\/uploads\/2023\/04\/51khglnxpml._ac_sx569_-300x300.jpg 300w, https:\/\/www.5sitges.es\/wp-content\/uploads\/2023\/04\/51khglnxpml._ac_sx569_-150x150.jpg 150w, https:\/\/www.5sitges.es\/wp-content\/uploads\/2023\/04\/51khglnxpml._ac_sx569_-100x100.jpg 100w\" sizes=\"(max-width: 300px) 100vw, 300px\" \/>\n\t<h4 class=\"product__title\">21 C\u00e1psulas Iperespresso Intenso<\/h4>\n\n        <hr\/>\n\n\t\n\t<span class=\"price\"><span class=\"woocommerce-Price-amount amount\"><bdi><span class=\"woocommerce-Price-currencySymbol\">&euro;<\/span>12,90<\/bdi><\/span><\/span>\n<\/a><a href=\"\/es\/wp-json\/wp\/v2\/pages\/2283?add-to-cart=2675\" rel=\"nofollow\" data-quantity=\"1\" data-product_id=\"2675\" data-product_sku=\"\" class=\"product__button button product_type_simple add_to_cart_button ajax_add_to_cart\">A\u00f1adir al carrito<\/a><\/li><li class=\"product type-product post-2671 status-publish last instock product_cat-illy-coffee has-post-thumbnail shipping-taxable purchasable product-type-simple\">\n\n\t<a href=\"https:\/\/www.5sitges.es\/es\/product\/6-latas-de-21-capsulas-iperespresso\/\" class=\"woocommerce-LoopProduct-link woocommerce-loop-product__link\"><img decoding=\"async\" width=\"300\" height=\"300\" src=\"https:\/\/www.5sitges.es\/wp-content\/uploads\/2023\/04\/61jvhpryfcl._ac_sx425_-300x300.jpg\" class=\"attachment-woocommerce_thumbnail size-woocommerce_thumbnail\" alt=\"6 Latas de 21 C\u00e1psulas Iperespresso Descafeinado\" srcset=\"https:\/\/www.5sitges.es\/wp-content\/uploads\/2023\/04\/61jvhpryfcl._ac_sx425_-300x300.jpg 300w, https:\/\/www.5sitges.es\/wp-content\/uploads\/2023\/04\/61jvhpryfcl._ac_sx425_-150x150.jpg 150w, https:\/\/www.5sitges.es\/wp-content\/uploads\/2023\/04\/61jvhpryfcl._ac_sx425_-100x100.jpg 100w\" sizes=\"(max-width: 300px) 100vw, 300px\" \/>\n\t<h4 class=\"product__title\">6 Latas de 21 C\u00e1psulas Iperespresso Descafeinado<\/h4>\n\n        <hr\/>\n\n\t\n\t<span class=\"price\"><span class=\"woocommerce-Price-amount amount\"><bdi><span class=\"woocommerce-Price-currencySymbol\">&euro;<\/span>69,00<\/bdi><\/span><\/span>\n<\/a><a href=\"\/es\/wp-json\/wp\/v2\/pages\/2283?add-to-cart=2671\" rel=\"nofollow\" data-quantity=\"1\" data-product_id=\"2671\" data-product_sku=\"\" class=\"product__button button product_type_simple add_to_cart_button ajax_add_to_cart\">A\u00f1adir al carrito<\/a><\/li><li class=\"product type-product post-2673 status-publish instock product_cat-illy-coffee has-post-thumbnail shipping-taxable purchasable product-type-simple\">\n\n\t<a href=\"https:\/\/www.5sitges.es\/es\/product\/6-latas-de-21-capsulas-iperespresso-descafeinado\/\" class=\"woocommerce-LoopProduct-link woocommerce-loop-product__link\"><img decoding=\"async\" width=\"300\" height=\"300\" src=\"https:\/\/www.5sitges.es\/wp-content\/uploads\/2023\/04\/51khglnxpml._ac_sx569_-300x300.jpg\" class=\"attachment-woocommerce_thumbnail size-woocommerce_thumbnail\" alt=\"6 Latas de 21 C\u00e1psulas Iperespresso Intenso\" srcset=\"https:\/\/www.5sitges.es\/wp-content\/uploads\/2023\/04\/51khglnxpml._ac_sx569_-300x300.jpg 300w, https:\/\/www.5sitges.es\/wp-content\/uploads\/2023\/04\/51khglnxpml._ac_sx569_-150x150.jpg 150w, https:\/\/www.5sitges.es\/wp-content\/uploads\/2023\/04\/51khglnxpml._ac_sx569_-100x100.jpg 100w\" sizes=\"(max-width: 300px) 100vw, 300px\" \/>\n\t<h4 class=\"product__title\">6 Latas de 21 C\u00e1psulas Iperespresso Intenso<\/h4>\n\n        <hr\/>\n\n\t\n\t<span class=\"price\"><span class=\"woocommerce-Price-amount amount\"><bdi><span class=\"woocommerce-Price-currencySymbol\">&euro;<\/span>69,00<\/bdi><\/span><\/span>\n<\/a><a href=\"\/es\/wp-json\/wp\/v2\/pages\/2283?add-to-cart=2673\" rel=\"nofollow\" data-quantity=\"1\" data-product_id=\"2673\" data-product_sku=\"\" class=\"product__button button product_type_simple add_to_cart_button ajax_add_to_cart\">A\u00f1adir al carrito<\/a><\/li><li class=\"product type-product post-2679 status-publish first instock product_cat-illy-coffee has-post-thumbnail shipping-taxable purchasable product-type-simple\">\n\n\t<a href=\"https:\/\/www.5sitges.es\/es\/product\/lata-250g-cafe-molido-intenso\/\" class=\"woocommerce-LoopProduct-link woocommerce-loop-product__link\"><img decoding=\"async\" width=\"300\" height=\"300\" src=\"https:\/\/www.5sitges.es\/wp-content\/uploads\/2023\/04\/cafe-illy-molido-para-espresso-descafeinado-tueste-clasico-125g-1-300x300.png\" class=\"attachment-woocommerce_thumbnail size-woocommerce_thumbnail\" alt=\"Lata 250g Caf\u00e9 Molido - Descafeinado\" srcset=\"https:\/\/www.5sitges.es\/wp-content\/uploads\/2023\/04\/cafe-illy-molido-para-espresso-descafeinado-tueste-clasico-125g-1-300x300.png 300w, https:\/\/www.5sitges.es\/wp-content\/uploads\/2023\/04\/cafe-illy-molido-para-espresso-descafeinado-tueste-clasico-125g-1-150x150.png 150w, https:\/\/www.5sitges.es\/wp-content\/uploads\/2023\/04\/cafe-illy-molido-para-espresso-descafeinado-tueste-clasico-125g-1-768x768.png 768w, https:\/\/www.5sitges.es\/wp-content\/uploads\/2023\/04\/cafe-illy-molido-para-espresso-descafeinado-tueste-clasico-125g-1-400x400.png 400w, https:\/\/www.5sitges.es\/wp-content\/uploads\/2023\/04\/cafe-illy-molido-para-espresso-descafeinado-tueste-clasico-125g-1-480x480.png 480w, https:\/\/www.5sitges.es\/wp-content\/uploads\/2023\/04\/cafe-illy-molido-para-espresso-descafeinado-tueste-clasico-125g-1-600x600.png 600w, https:\/\/www.5sitges.es\/wp-content\/uploads\/2023\/04\/cafe-illy-molido-para-espresso-descafeinado-tueste-clasico-125g-1-100x100.png 100w, https:\/\/www.5sitges.es\/wp-content\/uploads\/2023\/04\/cafe-illy-molido-para-espresso-descafeinado-tueste-clasico-125g-1.png 800w\" sizes=\"(max-width: 300px) 100vw, 300px\" \/>\n\t<h4 class=\"product__title\">Lata 250g Caf\u00e9 Molido &#8211; Descafeinado<\/h4>\n\n        <hr\/>\n\n\t\n\t<span class=\"price\"><span class=\"woocommerce-Price-amount amount\"><bdi><span class=\"woocommerce-Price-currencySymbol\">&euro;<\/span>10,90<\/bdi><\/span><\/span>\n<\/a><a href=\"\/es\/wp-json\/wp\/v2\/pages\/2283?add-to-cart=2679\" rel=\"nofollow\" data-quantity=\"1\" data-product_id=\"2679\" data-product_sku=\"\" class=\"product__button button product_type_simple add_to_cart_button ajax_add_to_cart\">A\u00f1adir al carrito<\/a><\/li><li class=\"product type-product post-2677 status-publish last instock product_cat-illy-coffee has-post-thumbnail shipping-taxable purchasable product-type-simple\">\n\n\t<a href=\"https:\/\/www.5sitges.es\/es\/product\/21-capsulas-iperespresso-descafeinado\/\" class=\"woocommerce-LoopProduct-link woocommerce-loop-product__link\"><img decoding=\"async\" width=\"300\" height=\"300\" src=\"https:\/\/www.5sitges.es\/wp-content\/uploads\/2023\/04\/00120604401081____3__600x600-300x300.jpg\" class=\"attachment-woocommerce_thumbnail size-woocommerce_thumbnail\" alt=\"Lata 250g Caf\u00e9 Molido - Intenso\" srcset=\"https:\/\/www.5sitges.es\/wp-content\/uploads\/2023\/04\/00120604401081____3__600x600-300x300.jpg 300w, https:\/\/www.5sitges.es\/wp-content\/uploads\/2023\/04\/00120604401081____3__600x600-150x150.jpg 150w, https:\/\/www.5sitges.es\/wp-content\/uploads\/2023\/04\/00120604401081____3__600x600-400x400.jpg 400w, https:\/\/www.5sitges.es\/wp-content\/uploads\/2023\/04\/00120604401081____3__600x600-480x480.jpg 480w, https:\/\/www.5sitges.es\/wp-content\/uploads\/2023\/04\/00120604401081____3__600x600-100x100.jpg 100w, https:\/\/www.5sitges.es\/wp-content\/uploads\/2023\/04\/00120604401081____3__600x600.jpg 600w\" sizes=\"(max-width: 300px) 100vw, 300px\" \/>\n\t<h4 class=\"product__title\">Lata 250g Caf\u00e9 Molido &#8211; Intenso<\/h4>\n\n        <hr\/>\n\n\t\n\t<span class=\"price\"><span class=\"woocommerce-Price-amount amount\"><bdi><span class=\"woocommerce-Price-currencySymbol\">&euro;<\/span>10,90<\/bdi><\/span><\/span>\n<\/a><a href=\"\/es\/wp-json\/wp\/v2\/pages\/2283?add-to-cart=2677\" rel=\"nofollow\" data-quantity=\"1\" data-product_id=\"2677\" data-product_sku=\"\" class=\"product__button button product_type_simple add_to_cart_button ajax_add_to_cart\">A\u00f1adir al carrito<\/a><\/li><li class=\"product type-product post-2333 status-publish instock product_cat-illy-coffee-machine has-post-thumbnail shipping-taxable purchasable product-type-simple\">\n\n\t<a href=\"https:\/\/www.5sitges.es\/es\/product\/x1-anniversary-maquina-de-cafe-en-capsulas-iperespresso\/\" class=\"woocommerce-LoopProduct-link woocommerce-loop-product__link\"><img decoding=\"async\" width=\"300\" height=\"300\" src=\"https:\/\/www.5sitges.es\/wp-content\/uploads\/2023\/01\/x1-anniversary-maquina_de_cafe_en_capsulas_iperespresso-300x300.png\" class=\"attachment-woocommerce_thumbnail size-woocommerce_thumbnail\" alt=\"X1 Anniversary - M\u00e1quina de caf\u00e9 en c\u00e1psulas Iperespresso\" srcset=\"https:\/\/www.5sitges.es\/wp-content\/uploads\/2023\/01\/x1-anniversary-maquina_de_cafe_en_capsulas_iperespresso-300x300.png 300w, https:\/\/www.5sitges.es\/wp-content\/uploads\/2023\/01\/x1-anniversary-maquina_de_cafe_en_capsulas_iperespresso-150x150.png 150w, https:\/\/www.5sitges.es\/wp-content\/uploads\/2023\/01\/x1-anniversary-maquina_de_cafe_en_capsulas_iperespresso-768x768.png 768w, https:\/\/www.5sitges.es\/wp-content\/uploads\/2023\/01\/x1-anniversary-maquina_de_cafe_en_capsulas_iperespresso-400x400.png 400w, https:\/\/www.5sitges.es\/wp-content\/uploads\/2023\/01\/x1-anniversary-maquina_de_cafe_en_capsulas_iperespresso-480x480.png 480w, https:\/\/www.5sitges.es\/wp-content\/uploads\/2023\/01\/x1-anniversary-maquina_de_cafe_en_capsulas_iperespresso-600x600.png 600w, https:\/\/www.5sitges.es\/wp-content\/uploads\/2023\/01\/x1-anniversary-maquina_de_cafe_en_capsulas_iperespresso-100x100.png 100w, https:\/\/www.5sitges.es\/wp-content\/uploads\/2023\/01\/x1-anniversary-maquina_de_cafe_en_capsulas_iperespresso.png 900w\" sizes=\"(max-width: 300px) 100vw, 300px\" \/>\n\t<h4 class=\"product__title\">X1 Anniversary &#8211; M\u00e1quina de caf\u00e9 en c\u00e1psulas Iperespresso<\/h4>\n\n        <hr\/>\n\n\t\n\t<span class=\"price\"><span class=\"woocommerce-Price-amount amount\"><bdi><span class=\"woocommerce-Price-currencySymbol\">&euro;<\/span>350,00<\/bdi><\/span><\/span>\n<\/a><a href=\"\/es\/wp-json\/wp\/v2\/pages\/2283?add-to-cart=2333\" rel=\"nofollow\" data-quantity=\"1\" data-product_id=\"2333\" data-product_sku=\"\" class=\"product__button button product_type_simple add_to_cart_button ajax_add_to_cart\">A\u00f1adir al carrito<\/a><\/li><li class=\"product type-product post-2316 status-publish first instock product_cat-illy-coffee-machine has-post-thumbnail shipping-taxable purchasable product-type-simple\">\n\n\t<a href=\"https:\/\/www.5sitges.es\/es\/product\/x7-1-maquina-de-cafe-en-capsulas-iperespresso\/\" class=\"woocommerce-LoopProduct-link woocommerce-loop-product__link\"><img decoding=\"async\" width=\"300\" height=\"300\" src=\"https:\/\/www.5sitges.es\/wp-content\/uploads\/2023\/01\/x7.1_maquina_de-cafe_en_capsulas_iperespresso-300x300.png\" class=\"attachment-woocommerce_thumbnail size-woocommerce_thumbnail\" alt=\"X7.1 M\u00e1quina de caf\u00e9 en c\u00e1psulas Iperespresso\" srcset=\"https:\/\/www.5sitges.es\/wp-content\/uploads\/2023\/01\/x7.1_maquina_de-cafe_en_capsulas_iperespresso-300x300.png 300w, https:\/\/www.5sitges.es\/wp-content\/uploads\/2023\/01\/x7.1_maquina_de-cafe_en_capsulas_iperespresso-150x150.png 150w, https:\/\/www.5sitges.es\/wp-content\/uploads\/2023\/01\/x7.1_maquina_de-cafe_en_capsulas_iperespresso-768x768.png 768w, https:\/\/www.5sitges.es\/wp-content\/uploads\/2023\/01\/x7.1_maquina_de-cafe_en_capsulas_iperespresso-400x400.png 400w, https:\/\/www.5sitges.es\/wp-content\/uploads\/2023\/01\/x7.1_maquina_de-cafe_en_capsulas_iperespresso-480x480.png 480w, https:\/\/www.5sitges.es\/wp-content\/uploads\/2023\/01\/x7.1_maquina_de-cafe_en_capsulas_iperespresso-600x600.png 600w, https:\/\/www.5sitges.es\/wp-content\/uploads\/2023\/01\/x7.1_maquina_de-cafe_en_capsulas_iperespresso-100x100.png 100w, https:\/\/www.5sitges.es\/wp-content\/uploads\/2023\/01\/x7.1_maquina_de-cafe_en_capsulas_iperespresso.png 800w\" sizes=\"(max-width: 300px) 100vw, 300px\" \/>\n\t<h4 class=\"product__title\">X7.1 M\u00e1quina de caf\u00e9 en c\u00e1psulas Iperespresso<\/h4>\n\n        <hr\/>\n\n\t\n\t<span class=\"price\"><span class=\"woocommerce-Price-amount amount\"><bdi><span class=\"woocommerce-Price-currencySymbol\">&euro;<\/span>199,00<\/bdi><\/span><\/span>\n<\/a><a href=\"\/es\/wp-json\/wp\/v2\/pages\/2283?add-to-cart=2316\" rel=\"nofollow\" data-quantity=\"1\" data-product_id=\"2316\" data-product_sku=\"\" class=\"product__button button product_type_simple add_to_cart_button ajax_add_to_cart\">A\u00f1adir al carrito<\/a><\/li><li class=\"product type-product post-302 status-publish last instock product_cat-illy-coffee-machine has-post-thumbnail shipping-taxable purchasable product-type-simple\">\n\n\t<a href=\"https:\/\/www.5sitges.es\/es\/product\/y3-3-espresso-coffee-maquina-de-cafe-iperespresso\/\" class=\"woocommerce-LoopProduct-link woocommerce-loop-product__link\"><img decoding=\"async\" width=\"300\" height=\"300\" src=\"https:\/\/www.5sitges.es\/wp-content\/uploads\/2014\/06\/maquina_de_cafe_iperespresso-300x300.png\" class=\"attachment-woocommerce_thumbnail size-woocommerce_thumbnail\" alt=\"Y3.3 Espresso &amp; Coffee - M\u00e1quina de caf\u00e9 Iperespresso\" srcset=\"https:\/\/www.5sitges.es\/wp-content\/uploads\/2014\/06\/maquina_de_cafe_iperespresso-300x300.png 300w, https:\/\/www.5sitges.es\/wp-content\/uploads\/2014\/06\/maquina_de_cafe_iperespresso-150x150.png 150w, https:\/\/www.5sitges.es\/wp-content\/uploads\/2014\/06\/maquina_de_cafe_iperespresso-768x768.png 768w, https:\/\/www.5sitges.es\/wp-content\/uploads\/2014\/06\/maquina_de_cafe_iperespresso-400x400.png 400w, https:\/\/www.5sitges.es\/wp-content\/uploads\/2014\/06\/maquina_de_cafe_iperespresso-480x480.png 480w, https:\/\/www.5sitges.es\/wp-content\/uploads\/2014\/06\/maquina_de_cafe_iperespresso-600x600.png 600w, https:\/\/www.5sitges.es\/wp-content\/uploads\/2014\/06\/maquina_de_cafe_iperespresso-100x100.png 100w, https:\/\/www.5sitges.es\/wp-content\/uploads\/2014\/06\/maquina_de_cafe_iperespresso.png 800w\" sizes=\"(max-width: 300px) 100vw, 300px\" \/>\n\t<h4 class=\"product__title\">Y3.3 Espresso &#038; Coffee &#8211; M\u00e1quina de caf\u00e9 Iperespresso<\/h4>\n\n        <hr\/>\n\n\t\n\t<span class=\"price\"><span class=\"woocommerce-Price-amount amount\"><bdi><span class=\"woocommerce-Price-currencySymbol\">&euro;<\/span>89,00<\/bdi><\/span><\/span>\n<\/a><a href=\"\/es\/wp-json\/wp\/v2\/pages\/2283?add-to-cart=302\" rel=\"nofollow\" data-quantity=\"1\" data-product_id=\"302\" data-product_sku=\"\" class=\"product__button button product_type_simple add_to_cart_button ajax_add_to_cart\">A\u00f1adir al carrito<\/a><\/li><\/ul>\n<\/div>\n","protected":false},"excerpt":{"rendered":"<p>Trabajamos con Illy desde el primer d\u00eda. No hay otras opciones si deseas tener el mejor caf\u00e9 con una calidad constante. Estamos orgullosos de ser una Tienda Illy y ofrecer algunos de sus productos para experimentar la Calidad Illy tambi\u00e9n en casa. Hay m\u00e1s productos disponibles y se pueden pedir, no se pagan gastos de..<\/p>\n","protected":false},"author":5,"featured_media":2200,"parent":0,"menu_order":0,"comment_status":"closed","ping_status":"closed","template":"page-templates\/page-custom.php","meta":{"novablocks_hero_scroll_indicator":false,"novablocks_hero_position_indicators":false,"supernova_prevent_duplicate":false,"footnotes":""},"class_list":["post-2283","page","type-page","status-publish","has-post-thumbnail","hentry"],"_links":{"self":[{"href":"https:\/\/www.5sitges.es\/es\/wp-json\/wp\/v2\/pages\/2283","targetHints":{"allow":["GET"]}}],"collection":[{"href":"https:\/\/www.5sitges.es\/es\/wp-json\/wp\/v2\/pages"}],"about":[{"href":"https:\/\/www.5sitges.es\/es\/wp-json\/wp\/v2\/types\/page"}],"author":[{"embeddable":true,"href":"https:\/\/www.5sitges.es\/es\/wp-json\/wp\/v2\/users\/5"}],"replies":[{"embeddable":true,"href":"https:\/\/www.5sitges.es\/es\/wp-json\/wp\/v2\/comments?post=2283"}],"version-history":[{"count":25,"href":"https:\/\/www.5sitges.es\/es\/wp-json\/wp\/v2\/pages\/2283\/revisions"}],"predecessor-version":[{"id":2368,"href":"https:\/\/www.5sitges.es\/es\/wp-json\/wp\/v2\/pages\/2283\/revisions\/2368"}],"wp:featuredmedia":[{"embeddable":true,"href":"https:\/\/www.5sitges.es\/es\/wp-json\/wp\/v2\/media\/2200"}],"wp:attachment":[{"href":"https:\/\/www.5sitges.es\/es\/wp-json\/wp\/v2\/media?parent=2283"}],"curies":[{"name":"wp","href":"https:\/\/api.w.org\/{rel}","templated":true}]}}