{"id":2673,"date":"2023-04-07T13:42:42","date_gmt":"2023-04-07T13:42:42","guid":{"rendered":"https:\/\/www.5sitges.es\/?post_type=product&#038;p=2673"},"modified":"2023-04-07T14:11:57","modified_gmt":"2023-04-07T14:11:57","slug":"6-latas-de-21-capsulas-iperespresso-descafeinado","status":"publish","type":"product","link":"https:\/\/www.5sitges.es\/es\/product\/6-latas-de-21-capsulas-iperespresso-descafeinado\/","title":{"rendered":"6 Latas de 21 C\u00e1psulas Iperespresso Intenso"},"content":{"rendered":"","protected":false},"excerpt":{"rendered":"<p style=\"text-align: left;\">Iperespresso es el sistema de c\u00e1psulas de illy. Funciona con las m\u00e1quinas illy compatibles con el sistema Iperespresso. Las c\u00e1psulas illy con su avanzada tecnolog\u00eda permite obtener en casa un espresso intenso y aterciopelado, arom\u00e1tico sin margen de error. La caracter\u00edstica del espresso illy transformado con las c\u00e1psulas es la crema, densa, duradera y persistente que se forma dentro del caf\u00e9 y no en la superficie.<\/p>\n","protected":false},"featured_media":2674,"template":"","meta":{"novablocks_hero_scroll_indicator":false,"novablocks_hero_position_indicators":false,"supernova_prevent_duplicate":false},"product_brand":[],"product_cat":[92],"product_tag":[],"class_list":{"0":"post-2673","1":"product","2":"type-product","3":"status-publish","4":"has-post-thumbnail","6":"product_cat-illy-coffee","8":"first","9":"instock","10":"shipping-taxable","11":"purchasable","12":"product-type-simple"},"_links":{"self":[{"href":"https:\/\/www.5sitges.es\/es\/wp-json\/wp\/v2\/product\/2673","targetHints":{"allow":["GET"]}}],"collection":[{"href":"https:\/\/www.5sitges.es\/es\/wp-json\/wp\/v2\/product"}],"about":[{"href":"https:\/\/www.5sitges.es\/es\/wp-json\/wp\/v2\/types\/product"}],"wp:featuredmedia":[{"embeddable":true,"href":"https:\/\/www.5sitges.es\/es\/wp-json\/wp\/v2\/media\/2674"}],"wp:attachment":[{"href":"https:\/\/www.5sitges.es\/es\/wp-json\/wp\/v2\/media?parent=2673"}],"wp:term":[{"taxonomy":"product_brand","embeddable":true,"href":"https:\/\/www.5sitges.es\/es\/wp-json\/wp\/v2\/product_brand?post=2673"},{"taxonomy":"product_cat","embeddable":true,"href":"https:\/\/www.5sitges.es\/es\/wp-json\/wp\/v2\/product_cat?post=2673"},{"taxonomy":"product_tag","embeddable":true,"href":"https:\/\/www.5sitges.es\/es\/wp-json\/wp\/v2\/product_tag?post=2673"}],"curies":[{"name":"wp","href":"https:\/\/api.w.org\/{rel}","templated":true}]}}